{"id":419,"date":"2024-05-20T19:10:57","date_gmt":"2024-05-20T19:10:57","guid":{"rendered":"http:\/\/sdingenieros.net\/login\/"},"modified":"2024-05-20T20:14:25","modified_gmt":"2024-05-20T20:14:25","slug":"login","status":"publish","type":"page","link":"https:\/\/sdingenieros.net\/en\/login\/","title":{"rendered":"Login"},"content":{"rendered":"\n<p>[ultimatemember form_id=\u00bb436&#8243;]<\/p>\n","protected":false},"excerpt":{"rendered":"<p>[ultimatemember form_id=\u00bb436&#8243;]<\/p>\n","protected":false},"author":1,"featured_media":0,"parent":0,"menu_order":0,"comment_status":"closed","ping_status":"closed","template":"","meta":{"site-sidebar-layout":"default","site-content-layout":"","ast-site-content-layout":"default","site-content-style":"default","site-sidebar-style":"default","ast-global-header-display":"","ast-banner-title-visibility":"","ast-main-header-display":"","ast-hfb-above-header-display":"","ast-hfb-below-header-display":"","ast-hfb-mobile-header-display":"","site-post-title":"","ast-breadcrumbs-content":"","ast-featured-img":"","footer-sml-layout":"","ast-disable-related-posts":"","theme-transparent-header-meta":"","adv-header-id-meta":"","stick-header-meta":"","header-above-stick-meta":"","header-main-stick-meta":"","header-below-stick-meta":"","astra-migrate-meta-layouts":"default","ast-page-background-enabled":"default","ast-page-background-meta":{"desktop":{"background-color":"var(--ast-global-color-4)","background-image":"","background-repeat":"repeat","background-position":"center center","background-size":"auto","background-attachment":"scroll","background-type":"","background-media":"","overlay-type":"","overlay-color":"","overlay-opacity":"","overlay-gradient":""},"tablet":{"background-color":"","background-image":"","background-repeat":"repeat","background-position":"center center","background-size":"auto","background-attachment":"scroll","background-type":"","background-media":"","overlay-type":"","overlay-color":"","overlay-opacity":"","overlay-gradient":""},"mobile":{"background-color":"","background-image":"","background-repeat":"repeat","background-position":"center center","background-size":"auto","background-attachment":"scroll","background-type":"","background-media":"","overlay-type":"","overlay-color":"","overlay-opacity":"","overlay-gradient":""}},"ast-content-background-meta":{"desktop":{"background-color":"var(--ast-global-color-5)","background-image":"","background-repeat":"repeat","background-position":"center center","background-size":"auto","background-attachment":"scroll","background-type":"","background-media":"","overlay-type":"","overlay-color":"","overlay-opacity":"","overlay-gradient":""},"tablet":{"background-color":"var(--ast-global-color-5)","background-image":"","background-repeat":"repeat","background-position":"center center","background-size":"auto","background-attachment":"scroll","background-type":"","background-media":"","overlay-type":"","overlay-color":"","overlay-opacity":"","overlay-gradient":""},"mobile":{"background-color":"var(--ast-global-color-5)","background-image":"","background-repeat":"repeat","background-position":"center center","background-size":"auto","background-attachment":"scroll","background-type":"","background-media":"","overlay-type":"","overlay-color":"","overlay-opacity":"","overlay-gradient":""}},"_themeisle_gutenberg_block_has_review":false,"footnotes":""},"class_list":["post-419","page","type-page","status-publish","hentry"],"yoast_head":"<!-- This site is optimized with the Yoast SEO plugin v27.6 - https:\/\/yoast.com\/product\/yoast-seo-wordpress\/ -->\n<title>Login - SD Ingenieros &amp; Contratistas S.A.C<\/title>\n<meta name=\"robots\" content=\"index, follow, max-snippet:-1, max-image-preview:large, max-video-preview:-1\" \/>\n<link rel=\"canonical\" href=\"https:\/\/beige-shark-602343.hostingersite.com\/login\/\" \/>\n<meta property=\"og:locale\" content=\"en_US\" \/>\n<meta property=\"og:type\" content=\"article\" \/>\n<meta property=\"og:title\" content=\"Login - SD Ingenieros &amp; Contratistas S.A.C\" \/>\n<meta property=\"og:description\" content=\"[ultimatemember form_id=\u00bb436&#8243;]\" \/>\n<meta property=\"og:url\" content=\"https:\/\/beige-shark-602343.hostingersite.com\/login\/\" \/>\n<meta property=\"og:site_name\" content=\"SD Ingenieros &amp; Contratistas S.A.C\" \/>\n<meta property=\"article:publisher\" content=\"https:\/\/www.facebook.com\/profile.php?id=100082895184803\" \/>\n<meta property=\"article:modified_time\" content=\"2024-05-20T20:14:25+00:00\" \/>\n<meta name=\"twitter:card\" content=\"summary_large_image\" \/>\n<script type=\"application\/ld+json\" class=\"yoast-schema-graph\">{\"@context\":\"https:\\\/\\\/schema.org\",\"@graph\":[{\"@type\":\"WebPage\",\"@id\":\"https:\\\/\\\/beige-shark-602343.hostingersite.com\\\/login\\\/\",\"url\":\"https:\\\/\\\/beige-shark-602343.hostingersite.com\\\/login\\\/\",\"name\":\"Login - SD Ingenieros &amp; Contratistas S.A.C\",\"isPartOf\":{\"@id\":\"https:\\\/\\\/beige-shark-602343.hostingersite.com\\\/#website\"},\"datePublished\":\"2024-05-20T19:10:57+00:00\",\"dateModified\":\"2024-05-20T20:14:25+00:00\",\"breadcrumb\":{\"@id\":\"https:\\\/\\\/beige-shark-602343.hostingersite.com\\\/login\\\/#breadcrumb\"},\"inLanguage\":\"en-US\",\"potentialAction\":[{\"@type\":\"ReadAction\",\"target\":[\"https:\\\/\\\/beige-shark-602343.hostingersite.com\\\/login\\\/\"]}]},{\"@type\":\"BreadcrumbList\",\"@id\":\"https:\\\/\\\/beige-shark-602343.hostingersite.com\\\/login\\\/#breadcrumb\",\"itemListElement\":[{\"@type\":\"ListItem\",\"position\":1,\"name\":\"Home\",\"item\":\"https:\\\/\\\/sdingenieros.net\\\/\"},{\"@type\":\"ListItem\",\"position\":2,\"name\":\"Login\"}]},{\"@type\":\"WebSite\",\"@id\":\"https:\\\/\\\/beige-shark-602343.hostingersite.com\\\/#website\",\"url\":\"https:\\\/\\\/beige-shark-602343.hostingersite.com\\\/\",\"name\":\"sdingenieros.net\",\"description\":\"Somos una empresa especializada en brindar servicios de consultor\u00eda, construcci\u00f3n y supervisi\u00f3n bajo la metodolog\u00eda BIM.\",\"publisher\":{\"@id\":\"https:\\\/\\\/beige-shark-602343.hostingersite.com\\\/#organization\"},\"potentialAction\":[{\"@type\":\"SearchAction\",\"target\":{\"@type\":\"EntryPoint\",\"urlTemplate\":\"https:\\\/\\\/beige-shark-602343.hostingersite.com\\\/?s={search_term_string}\"},\"query-input\":{\"@type\":\"PropertyValueSpecification\",\"valueRequired\":true,\"valueName\":\"search_term_string\"}}],\"inLanguage\":\"en-US\"},{\"@type\":\"Organization\",\"@id\":\"https:\\\/\\\/beige-shark-602343.hostingersite.com\\\/#organization\",\"name\":\"Sd Ingenieros & Contratistas SAC\",\"url\":\"https:\\\/\\\/beige-shark-602343.hostingersite.com\\\/\",\"logo\":{\"@type\":\"ImageObject\",\"inLanguage\":\"en-US\",\"@id\":\"https:\\\/\\\/beige-shark-602343.hostingersite.com\\\/#\\\/schema\\\/logo\\\/image\\\/\",\"url\":\"https:\\\/\\\/sdingenieros.net\\\/wp-content\\\/uploads\\\/2024\\\/05\\\/Sin-titulo-1-01.png\",\"contentUrl\":\"https:\\\/\\\/sdingenieros.net\\\/wp-content\\\/uploads\\\/2024\\\/05\\\/Sin-titulo-1-01.png\",\"width\":730,\"height\":209,\"caption\":\"Sd Ingenieros & Contratistas SAC\"},\"image\":{\"@id\":\"https:\\\/\\\/beige-shark-602343.hostingersite.com\\\/#\\\/schema\\\/logo\\\/image\\\/\"},\"sameAs\":[\"https:\\\/\\\/www.facebook.com\\\/profile.php?id=100082895184803\",\"https:\\\/\\\/www.linkedin.com\\\/company\\\/sd-ingenieros-contratistas-sac\"]}]}<\/script>\n<!-- \/ Yoast SEO plugin. -->","yoast_head_json":{"title":"Login - SD Ingenieros &amp; Contratistas S.A.C","robots":{"index":"index","follow":"follow","max-snippet":"max-snippet:-1","max-image-preview":"max-image-preview:large","max-video-preview":"max-video-preview:-1"},"canonical":"https:\/\/beige-shark-602343.hostingersite.com\/login\/","og_locale":"en_US","og_type":"article","og_title":"Login - SD Ingenieros &amp; Contratistas S.A.C","og_description":"[ultimatemember form_id=\u00bb436&#8243;]","og_url":"https:\/\/beige-shark-602343.hostingersite.com\/login\/","og_site_name":"SD Ingenieros &amp; Contratistas S.A.C","article_publisher":"https:\/\/www.facebook.com\/profile.php?id=100082895184803","article_modified_time":"2024-05-20T20:14:25+00:00","twitter_card":"summary_large_image","schema":{"@context":"https:\/\/schema.org","@graph":[{"@type":"WebPage","@id":"https:\/\/beige-shark-602343.hostingersite.com\/login\/","url":"https:\/\/beige-shark-602343.hostingersite.com\/login\/","name":"Login - SD Ingenieros &amp; Contratistas S.A.C","isPartOf":{"@id":"https:\/\/beige-shark-602343.hostingersite.com\/#website"},"datePublished":"2024-05-20T19:10:57+00:00","dateModified":"2024-05-20T20:14:25+00:00","breadcrumb":{"@id":"https:\/\/beige-shark-602343.hostingersite.com\/login\/#breadcrumb"},"inLanguage":"en-US","potentialAction":[{"@type":"ReadAction","target":["https:\/\/beige-shark-602343.hostingersite.com\/login\/"]}]},{"@type":"BreadcrumbList","@id":"https:\/\/beige-shark-602343.hostingersite.com\/login\/#breadcrumb","itemListElement":[{"@type":"ListItem","position":1,"name":"Home","item":"https:\/\/sdingenieros.net\/"},{"@type":"ListItem","position":2,"name":"Login"}]},{"@type":"WebSite","@id":"https:\/\/beige-shark-602343.hostingersite.com\/#website","url":"https:\/\/beige-shark-602343.hostingersite.com\/","name":"sdingenieros.net","description":"Somos una empresa especializada en brindar servicios de consultor\u00eda, construcci\u00f3n y supervisi\u00f3n bajo la metodolog\u00eda BIM.","publisher":{"@id":"https:\/\/beige-shark-602343.hostingersite.com\/#organization"},"potentialAction":[{"@type":"SearchAction","target":{"@type":"EntryPoint","urlTemplate":"https:\/\/beige-shark-602343.hostingersite.com\/?s={search_term_string}"},"query-input":{"@type":"PropertyValueSpecification","valueRequired":true,"valueName":"search_term_string"}}],"inLanguage":"en-US"},{"@type":"Organization","@id":"https:\/\/beige-shark-602343.hostingersite.com\/#organization","name":"Sd Ingenieros & Contratistas SAC","url":"https:\/\/beige-shark-602343.hostingersite.com\/","logo":{"@type":"ImageObject","inLanguage":"en-US","@id":"https:\/\/beige-shark-602343.hostingersite.com\/#\/schema\/logo\/image\/","url":"https:\/\/sdingenieros.net\/wp-content\/uploads\/2024\/05\/Sin-titulo-1-01.png","contentUrl":"https:\/\/sdingenieros.net\/wp-content\/uploads\/2024\/05\/Sin-titulo-1-01.png","width":730,"height":209,"caption":"Sd Ingenieros & Contratistas SAC"},"image":{"@id":"https:\/\/beige-shark-602343.hostingersite.com\/#\/schema\/logo\/image\/"},"sameAs":["https:\/\/www.facebook.com\/profile.php?id=100082895184803","https:\/\/www.linkedin.com\/company\/sd-ingenieros-contratistas-sac"]}]}},"_links":{"self":[{"href":"https:\/\/sdingenieros.net\/en\/wp-json\/wp\/v2\/pages\/419","targetHints":{"allow":["GET"]}}],"collection":[{"href":"https:\/\/sdingenieros.net\/en\/wp-json\/wp\/v2\/pages"}],"about":[{"href":"https:\/\/sdingenieros.net\/en\/wp-json\/wp\/v2\/types\/page"}],"author":[{"embeddable":true,"href":"https:\/\/sdingenieros.net\/en\/wp-json\/wp\/v2\/users\/1"}],"replies":[{"embeddable":true,"href":"https:\/\/sdingenieros.net\/en\/wp-json\/wp\/v2\/comments?post=419"}],"version-history":[{"count":4,"href":"https:\/\/sdingenieros.net\/en\/wp-json\/wp\/v2\/pages\/419\/revisions"}],"predecessor-version":[{"id":437,"href":"https:\/\/sdingenieros.net\/en\/wp-json\/wp\/v2\/pages\/419\/revisions\/437"}],"wp:attachment":[{"href":"https:\/\/sdingenieros.net\/en\/wp-json\/wp\/v2\/media?parent=419"}],"curies":[{"name":"wp","href":"https:\/\/api.w.org\/{rel}","templated":true}]}}