{"id":905,"date":"2024-06-05T04:29:35","date_gmt":"2024-06-05T04:29:35","guid":{"rendered":"http:\/\/sdingenieros.net\/?page_id=905"},"modified":"2024-10-16T18:37:42","modified_gmt":"2024-10-16T18:37:42","slug":"validacion-documentaria","status":"publish","type":"page","link":"https:\/\/sdingenieros.net\/en\/validacion-documentaria\/","title":{"rendered":"Validaci\u00f3n documentaria"},"content":{"rendered":"<div data-elementor-type=\"wp-page\" data-elementor-id=\"905\" class=\"elementor elementor-905\">\n\t\t\t\t<div class=\"elementor-element elementor-element-64df883 e-flex e-con-boxed wpr-particle-no wpr-jarallax-no wpr-parallax-no wpr-sticky-section-no wpr-column-slider-no wpr-equal-height-no e-con e-parent\" data-id=\"64df883\" data-element_type=\"container\" data-e-type=\"container\">\n\t\t\t\t\t<div class=\"e-con-inner\">\n\t\t\t\t<div class=\"elementor-element elementor-element-df46b5c exad-sticky-section-no exad-glass-effect-no elementor-widget elementor-widget-heading\" data-id=\"df46b5c\" data-element_type=\"widget\" data-e-type=\"widget\" data-widget_type=\"heading.default\">\n\t\t\t\t<div class=\"elementor-widget-container\">\n\t\t\t\t\t<h2 class=\"elementor-heading-title elementor-size-default\">Comprueba  tu Certificado\u200b<\/h2>\t\t\t\t<\/div>\n\t\t\t\t<\/div>\n\t\t\t\t<div class=\"elementor-element elementor-element-51b9efb exad-sticky-section-no exad-glass-effect-no elementor-widget elementor-widget-text-editor\" data-id=\"51b9efb\" data-element_type=\"widget\" data-e-type=\"widget\" data-widget_type=\"text-editor.default\">\n\t\t\t\t<div class=\"elementor-widget-container\">\n\t\t\t\t\t\t\t\t\t<p>SD Ingenieros &amp; Contratistas SAC\u00a0<strong>brinda a cada trabajador y \/o colaborador un certificado<\/strong>\u00a0que acredita la labor que hicieron para nuestra empresa.\u00a0<\/p>\t\t\t\t\t\t\t\t<\/div>\n\t\t\t\t<\/div>\n\t\t\t\t\t<\/div>\n\t\t\t\t<\/div>\n\t\t<div class=\"elementor-element elementor-element-7f0f71f e-flex e-con-boxed wpr-particle-no wpr-jarallax-no wpr-parallax-no wpr-sticky-section-no wpr-column-slider-no wpr-equal-height-no e-con e-parent\" data-id=\"7f0f71f\" data-element_type=\"container\" data-e-type=\"container\">\n\t\t\t\t\t<div class=\"e-con-inner\">\n\t\t\t\t<div class=\"elementor-element elementor-element-2687af1 exad-sticky-section-no exad-glass-effect-no elementor-widget elementor-widget-shortcode\" data-id=\"2687af1\" data-element_type=\"widget\" data-e-type=\"widget\" data-widget_type=\"shortcode.default\">\n\t\t\t\t<div class=\"elementor-widget-container\">\n\t\t\t\t\t\t\t<div class=\"elementor-shortcode\">    <form action=\"\" method=\"get\" id=\"entrada-buscador-form\" style=\"border: 1px solid red; padding: 10px; display: flex; align-items: center;\" data-trp-original-action=\"\">\r\n        <input type=\"text\" name=\"titulo_busqueda\" id=\"titulo-busqueda\" placeholder=\"Ingresar c\u00f3digo\" style=\"flex: 1; padding: 5px; border: 1px solid red;\">\r\n        <button type=\"submit\" style=\"background-color: red; color: white; padding: 5px 10px; border: none; cursor: pointer;\">Buscar<\/button>\r\n    <input type=\"hidden\" name=\"trp-form-language\" value=\"en\"\/><\/form>\r\n\r\n    <\/div>\n\t\t\t\t\t\t<\/div>\n\t\t\t\t<\/div>\n\t\t\t\t\t<\/div>\n\t\t\t\t<\/div>\n\t\t\t\t<\/div>","protected":false},"excerpt":{"rendered":"<p>Comprueba tu Certificado\u200b SD Ingenieros &amp; Contratistas SAC\u00a0brinda a cada trabajador y \/o colaborador un certificado\u00a0que acredita la labor que hicieron para nuestra empresa.\u00a0<\/p>","protected":false},"author":1,"featured_media":0,"parent":0,"menu_order":0,"comment_status":"closed","ping_status":"closed","template":"","meta":{"site-sidebar-layout":"no-sidebar","site-content-layout":"","ast-site-content-layout":"full-width-container","site-content-style":"default","site-sidebar-style":"default","ast-global-header-display":"","ast-banner-title-visibility":"","ast-main-header-display":"","ast-hfb-above-header-display":"","ast-hfb-below-header-display":"","ast-hfb-mobile-header-display":"","site-post-title":"disabled","ast-breadcrumbs-content":"","ast-featured-img":"disabled","footer-sml-layout":"","ast-disable-related-posts":"","theme-transparent-header-meta":"","adv-header-id-meta":"","stick-header-meta":"","header-above-stick-meta":"","header-main-stick-meta":"","header-below-stick-meta":"","astra-migrate-meta-layouts":"default","ast-page-background-enabled":"default","ast-page-background-meta":{"desktop":{"background-color":"var(--ast-global-color-4)","background-image":"","background-repeat":"repeat","background-position":"center center","background-size":"auto","background-attachment":"scroll","background-type":"","background-media":"","overlay-type":"","overlay-color":"","overlay-opacity":"","overlay-gradient":""},"tablet":{"background-color":"","background-image":"","background-repeat":"repeat","background-position":"center center","background-size":"auto","background-attachment":"scroll","background-type":"","background-media":"","overlay-type":"","overlay-color":"","overlay-opacity":"","overlay-gradient":""},"mobile":{"background-color":"","background-image":"","background-repeat":"repeat","background-position":"center center","background-size":"auto","background-attachment":"scroll","background-type":"","background-media":"","overlay-type":"","overlay-color":"","overlay-opacity":"","overlay-gradient":""}},"ast-content-background-meta":{"desktop":{"background-color":"var(--ast-global-color-5)","background-image":"","background-repeat":"repeat","background-position":"center center","background-size":"auto","background-attachment":"scroll","background-type":"","background-media":"","overlay-type":"","overlay-color":"","overlay-opacity":"","overlay-gradient":""},"tablet":{"background-color":"var(--ast-global-color-5)","background-image":"","background-repeat":"repeat","background-position":"center center","background-size":"auto","background-attachment":"scroll","background-type":"","background-media":"","overlay-type":"","overlay-color":"","overlay-opacity":"","overlay-gradient":""},"mobile":{"background-color":"var(--ast-global-color-5)","background-image":"","background-repeat":"repeat","background-position":"center center","background-size":"auto","background-attachment":"scroll","background-type":"","background-media":"","overlay-type":"","overlay-color":"","overlay-opacity":"","overlay-gradient":""}},"_themeisle_gutenberg_block_has_review":false,"footnotes":""},"class_list":["post-905","page","type-page","status-publish","hentry"],"yoast_head":"<!-- This site is optimized with the Yoast SEO plugin v27.6 - https:\/\/yoast.com\/product\/yoast-seo-wordpress\/ -->\n<title>Validaci\u00f3n documentaria - SD Ingenieros &amp; Contratistas S.A.C<\/title>\n<meta name=\"robots\" content=\"index, follow, max-snippet:-1, max-image-preview:large, max-video-preview:-1\" \/>\n<link rel=\"canonical\" href=\"http:\/\/sdingenieros.net\/en\/validacion-documentaria\/\" \/>\n<meta property=\"og:locale\" content=\"en_US\" \/>\n<meta property=\"og:type\" content=\"article\" \/>\n<meta property=\"og:title\" content=\"Validaci\u00f3n documentaria - SD Ingenieros &amp; Contratistas S.A.C\" \/>\n<meta property=\"og:description\" content=\"Comprueba tu Certificado\u200b SD Ingenieros &amp; Contratistas SAC\u00a0brinda a cada trabajador y \/o colaborador un certificado\u00a0que acredita la labor que hicieron para nuestra empresa.\u00a0\" \/>\n<meta property=\"og:url\" content=\"http:\/\/sdingenieros.net\/en\/validacion-documentaria\/\" \/>\n<meta property=\"og:site_name\" content=\"SD Ingenieros &amp; Contratistas S.A.C\" \/>\n<meta property=\"article:publisher\" content=\"https:\/\/www.facebook.com\/profile.php?id=100082895184803\" \/>\n<meta property=\"article:modified_time\" content=\"2024-10-16T18:37:42+00:00\" \/>\n<meta name=\"twitter:card\" content=\"summary_large_image\" \/>\n<meta name=\"twitter:label1\" content=\"Est. reading time\" \/>\n\t<meta name=\"twitter:data1\" content=\"1 minute\" \/>\n<script type=\"application\/ld+json\" class=\"yoast-schema-graph\">{\"@context\":\"https:\\\/\\\/schema.org\",\"@graph\":[{\"@type\":\"WebPage\",\"@id\":\"https:\\\/\\\/beige-shark-602343.hostingersite.com\\\/validacion-documentaria\\\/\",\"url\":\"http:\\\/\\\/sdingenieros.net\\\/validacion-documentaria\\\/\",\"name\":\"Validaci\u00f3n documentaria - SD Ingenieros &amp; Contratistas S.A.C\",\"isPartOf\":{\"@id\":\"https:\\\/\\\/beige-shark-602343.hostingersite.com\\\/#website\"},\"datePublished\":\"2024-06-05T04:29:35+00:00\",\"dateModified\":\"2024-10-16T18:37:42+00:00\",\"breadcrumb\":{\"@id\":\"http:\\\/\\\/sdingenieros.net\\\/validacion-documentaria\\\/#breadcrumb\"},\"inLanguage\":\"en-US\",\"potentialAction\":[{\"@type\":\"ReadAction\",\"target\":[\"http:\\\/\\\/sdingenieros.net\\\/validacion-documentaria\\\/\"]}]},{\"@type\":\"BreadcrumbList\",\"@id\":\"http:\\\/\\\/sdingenieros.net\\\/validacion-documentaria\\\/#breadcrumb\",\"itemListElement\":[{\"@type\":\"ListItem\",\"position\":1,\"name\":\"Home\",\"item\":\"https:\\\/\\\/sdingenieros.net\\\/\"},{\"@type\":\"ListItem\",\"position\":2,\"name\":\"Validaci\u00f3n documentaria\"}]},{\"@type\":\"WebSite\",\"@id\":\"https:\\\/\\\/beige-shark-602343.hostingersite.com\\\/#website\",\"url\":\"https:\\\/\\\/beige-shark-602343.hostingersite.com\\\/\",\"name\":\"sdingenieros.net\",\"description\":\"Somos una empresa especializada en brindar servicios de consultor\u00eda, construcci\u00f3n y supervisi\u00f3n bajo la metodolog\u00eda BIM.\",\"publisher\":{\"@id\":\"https:\\\/\\\/beige-shark-602343.hostingersite.com\\\/#organization\"},\"potentialAction\":[{\"@type\":\"SearchAction\",\"target\":{\"@type\":\"EntryPoint\",\"urlTemplate\":\"https:\\\/\\\/beige-shark-602343.hostingersite.com\\\/?s={search_term_string}\"},\"query-input\":{\"@type\":\"PropertyValueSpecification\",\"valueRequired\":true,\"valueName\":\"search_term_string\"}}],\"inLanguage\":\"en-US\"},{\"@type\":\"Organization\",\"@id\":\"https:\\\/\\\/beige-shark-602343.hostingersite.com\\\/#organization\",\"name\":\"Sd Ingenieros & Contratistas SAC\",\"url\":\"https:\\\/\\\/beige-shark-602343.hostingersite.com\\\/\",\"logo\":{\"@type\":\"ImageObject\",\"inLanguage\":\"en-US\",\"@id\":\"https:\\\/\\\/beige-shark-602343.hostingersite.com\\\/#\\\/schema\\\/logo\\\/image\\\/\",\"url\":\"https:\\\/\\\/sdingenieros.net\\\/wp-content\\\/uploads\\\/2024\\\/05\\\/Sin-titulo-1-01.png\",\"contentUrl\":\"https:\\\/\\\/sdingenieros.net\\\/wp-content\\\/uploads\\\/2024\\\/05\\\/Sin-titulo-1-01.png\",\"width\":730,\"height\":209,\"caption\":\"Sd Ingenieros & Contratistas SAC\"},\"image\":{\"@id\":\"https:\\\/\\\/beige-shark-602343.hostingersite.com\\\/#\\\/schema\\\/logo\\\/image\\\/\"},\"sameAs\":[\"https:\\\/\\\/www.facebook.com\\\/profile.php?id=100082895184803\",\"https:\\\/\\\/www.linkedin.com\\\/company\\\/sd-ingenieros-contratistas-sac\"]}]}<\/script>\n<!-- \/ Yoast SEO plugin. -->","yoast_head_json":{"title":"Validaci\u00f3n documentaria - SD Ingenieros &amp; Contratistas S.A.C","robots":{"index":"index","follow":"follow","max-snippet":"max-snippet:-1","max-image-preview":"max-image-preview:large","max-video-preview":"max-video-preview:-1"},"canonical":"http:\/\/sdingenieros.net\/en\/validacion-documentaria\/","og_locale":"en_US","og_type":"article","og_title":"Validaci\u00f3n documentaria - SD Ingenieros &amp; Contratistas S.A.C","og_description":"Comprueba tu Certificado\u200b SD Ingenieros &amp; Contratistas SAC\u00a0brinda a cada trabajador y \/o colaborador un certificado\u00a0que acredita la labor que hicieron para nuestra empresa.\u00a0","og_url":"http:\/\/sdingenieros.net\/en\/validacion-documentaria\/","og_site_name":"SD Ingenieros &amp; Contratistas S.A.C","article_publisher":"https:\/\/www.facebook.com\/profile.php?id=100082895184803","article_modified_time":"2024-10-16T18:37:42+00:00","twitter_card":"summary_large_image","twitter_misc":{"Est. reading time":"1 minute"},"schema":{"@context":"https:\/\/schema.org","@graph":[{"@type":"WebPage","@id":"https:\/\/beige-shark-602343.hostingersite.com\/validacion-documentaria\/","url":"http:\/\/sdingenieros.net\/validacion-documentaria\/","name":"Validaci\u00f3n documentaria - SD Ingenieros &amp; Contratistas S.A.C","isPartOf":{"@id":"https:\/\/beige-shark-602343.hostingersite.com\/#website"},"datePublished":"2024-06-05T04:29:35+00:00","dateModified":"2024-10-16T18:37:42+00:00","breadcrumb":{"@id":"http:\/\/sdingenieros.net\/validacion-documentaria\/#breadcrumb"},"inLanguage":"en-US","potentialAction":[{"@type":"ReadAction","target":["http:\/\/sdingenieros.net\/validacion-documentaria\/"]}]},{"@type":"BreadcrumbList","@id":"http:\/\/sdingenieros.net\/validacion-documentaria\/#breadcrumb","itemListElement":[{"@type":"ListItem","position":1,"name":"Home","item":"https:\/\/sdingenieros.net\/"},{"@type":"ListItem","position":2,"name":"Validaci\u00f3n documentaria"}]},{"@type":"WebSite","@id":"https:\/\/beige-shark-602343.hostingersite.com\/#website","url":"https:\/\/beige-shark-602343.hostingersite.com\/","name":"sdingenieros.net","description":"Somos una empresa especializada en brindar servicios de consultor\u00eda, construcci\u00f3n y supervisi\u00f3n bajo la metodolog\u00eda BIM.","publisher":{"@id":"https:\/\/beige-shark-602343.hostingersite.com\/#organization"},"potentialAction":[{"@type":"SearchAction","target":{"@type":"EntryPoint","urlTemplate":"https:\/\/beige-shark-602343.hostingersite.com\/?s={search_term_string}"},"query-input":{"@type":"PropertyValueSpecification","valueRequired":true,"valueName":"search_term_string"}}],"inLanguage":"en-US"},{"@type":"Organization","@id":"https:\/\/beige-shark-602343.hostingersite.com\/#organization","name":"Sd Ingenieros & Contratistas SAC","url":"https:\/\/beige-shark-602343.hostingersite.com\/","logo":{"@type":"ImageObject","inLanguage":"en-US","@id":"https:\/\/beige-shark-602343.hostingersite.com\/#\/schema\/logo\/image\/","url":"https:\/\/sdingenieros.net\/wp-content\/uploads\/2024\/05\/Sin-titulo-1-01.png","contentUrl":"https:\/\/sdingenieros.net\/wp-content\/uploads\/2024\/05\/Sin-titulo-1-01.png","width":730,"height":209,"caption":"Sd Ingenieros & Contratistas SAC"},"image":{"@id":"https:\/\/beige-shark-602343.hostingersite.com\/#\/schema\/logo\/image\/"},"sameAs":["https:\/\/www.facebook.com\/profile.php?id=100082895184803","https:\/\/www.linkedin.com\/company\/sd-ingenieros-contratistas-sac"]}]}},"_links":{"self":[{"href":"https:\/\/sdingenieros.net\/en\/wp-json\/wp\/v2\/pages\/905","targetHints":{"allow":["GET"]}}],"collection":[{"href":"https:\/\/sdingenieros.net\/en\/wp-json\/wp\/v2\/pages"}],"about":[{"href":"https:\/\/sdingenieros.net\/en\/wp-json\/wp\/v2\/types\/page"}],"author":[{"embeddable":true,"href":"https:\/\/sdingenieros.net\/en\/wp-json\/wp\/v2\/users\/1"}],"replies":[{"embeddable":true,"href":"https:\/\/sdingenieros.net\/en\/wp-json\/wp\/v2\/comments?post=905"}],"version-history":[{"count":26,"href":"https:\/\/sdingenieros.net\/en\/wp-json\/wp\/v2\/pages\/905\/revisions"}],"predecessor-version":[{"id":1687,"href":"https:\/\/sdingenieros.net\/en\/wp-json\/wp\/v2\/pages\/905\/revisions\/1687"}],"wp:attachment":[{"href":"https:\/\/sdingenieros.net\/en\/wp-json\/wp\/v2\/media?parent=905"}],"curies":[{"name":"wp","href":"https:\/\/api.w.org\/{rel}","templated":true}]}}